{"id":991,"date":"2025-01-23T09:21:18","date_gmt":"2025-01-23T08:21:18","guid":{"rendered":"https:\/\/catiparerafengshui.com\/?post_type=product&#038;p=991"},"modified":"2025-02-14T12:33:15","modified_gmt":"2025-02-14T11:33:15","slug":"curso-potenciador","status":"publish","type":"product","link":"https:\/\/catiparerafengshui.com\/ca\/producte\/curso-potenciador\/","title":{"rendered":"Taller de potenciador"},"content":{"rendered":"<div>\n<p>Sabies que petits canvis a casa teva poden generar grans transformacions a la teva vida? En aquest taller t&#039;ensenyar\u00e9 a utilitzar potenciadors d&#039;energia: objectes clau que, col\u00b7locats al lloc correcte, activen la tranquil\u00b7litat, la prosperitat i el benestar a casa teva.<\/p>\n<p><img decoding=\"async\" src=\"https:\/\/fonts.gstatic.com\/s\/e\/notoemoji\/16.0\/2705\/32.png\" alt=\"\u2705\" \/>\u00a0Activa les \u00e0rees que necessites potenciar: Amor, salut, diners o harmonia familiar.<br \/>\n<img decoding=\"async\" src=\"https:\/\/fonts.gstatic.com\/s\/e\/notoemoji\/16.0\/2705\/32.png\" alt=\"\u2705\" \/> Neutralitza les energies negatives: Apr\u00e8n a equilibrar els racons de casa teva que et generen energia negativa<br \/>\n<img decoding=\"async\" src=\"https:\/\/fonts.gstatic.com\/s\/e\/notoemoji\/16.0\/2705\/32.png\" alt=\"\u2705\" \/> Claus simples i pr\u00e0ctiques: No necessites remodelar ni gastar gaire; nom\u00e9s aplicar les estrat\u00e8gies correctes.<\/p>\n<p>Aquest taller \u00e9s ideal per a tu si:<\/p>\n<p><img decoding=\"async\" src=\"https:\/\/fonts.gstatic.com\/s\/e\/notoemoji\/16.0\/1f33f\/32.png\" alt=\"\ud83c\udf3f\" \/>\u00a0Vols que la teva llar sigui el teu refugi de pau i bona energia.<br \/>\n<img decoding=\"async\" src=\"https:\/\/fonts.gstatic.com\/s\/e\/notoemoji\/16.0\/1f33f\/32.png\" alt=\"\ud83c\udf3f\" \/>\u00a0Est\u00e0s a punt per comen\u00e7ar a sentir canvis reals a la teva vida di\u00e0ria.<br \/>\n<img decoding=\"async\" src=\"https:\/\/fonts.gstatic.com\/s\/e\/notoemoji\/16.0\/1f33f\/32.png\" alt=\"\ud83c\udf3f\" \/>\u00a0Vols resultats clars i aplicables sense complicacions.<\/p>\n<\/div>\n<div>La teva casa pot ser la teva millor aliada!\u00a0<img decoding=\"async\" src=\"https:\/\/fonts.gstatic.com\/s\/e\/notoemoji\/16.0\/1f31f\/32.png\" alt=\"\ud83c\udf1f\" \/>\u00a0amb aquest CURS<\/div>","protected":false},"excerpt":{"rendered":"<p>\u00bfSab\u00edas que peque\u00f1os cambios en tu casa pueden generar grandes transformaciones en tu vida? En este taller, te ense\u00f1ar\u00e9 a utilizar potenciadores de energ\u00eda: objetos clave que, colocados en el lugar correcto, activan la tranquilidad, la prosperidad y el bienestar en tu hogar. \u00a0Activa las \u00e1reas que necesitas potenciar: Amor, salud, dinero,o armon\u00eda familiar. Neutraliza [&hellip;]<\/p>","protected":false},"featured_media":122,"comment_status":"open","ping_status":"closed","template":"","meta":{"_joinchat":[]},"product_brand":[],"product_cat":[24],"product_tag":[],"class_list":{"0":"post-991","1":"product","2":"type-product","3":"status-publish","4":"has-post-thumbnail","6":"product_cat-sin-categorizar","8":"first","9":"instock","10":"downloadable","11":"virtual","12":"sold-individually","13":"purchasable","14":"product-type-simple"},"_links":{"self":[{"href":"https:\/\/catiparerafengshui.com\/ca\/wp-json\/wp\/v2\/product\/991","targetHints":{"allow":["GET"]}}],"collection":[{"href":"https:\/\/catiparerafengshui.com\/ca\/wp-json\/wp\/v2\/product"}],"about":[{"href":"https:\/\/catiparerafengshui.com\/ca\/wp-json\/wp\/v2\/types\/product"}],"replies":[{"embeddable":true,"href":"https:\/\/catiparerafengshui.com\/ca\/wp-json\/wp\/v2\/comments?post=991"}],"wp:featuredmedia":[{"embeddable":true,"href":"https:\/\/catiparerafengshui.com\/ca\/wp-json\/wp\/v2\/media\/122"}],"wp:attachment":[{"href":"https:\/\/catiparerafengshui.com\/ca\/wp-json\/wp\/v2\/media?parent=991"}],"wp:term":[{"taxonomy":"product_brand","embeddable":true,"href":"https:\/\/catiparerafengshui.com\/ca\/wp-json\/wp\/v2\/product_brand?post=991"},{"taxonomy":"product_cat","embeddable":true,"href":"https:\/\/catiparerafengshui.com\/ca\/wp-json\/wp\/v2\/product_cat?post=991"},{"taxonomy":"product_tag","embeddable":true,"href":"https:\/\/catiparerafengshui.com\/ca\/wp-json\/wp\/v2\/product_tag?post=991"}],"curies":[{"name":"wp","href":"https:\/\/api.w.org\/{rel}","templated":true}]}}