{"id":728,"date":"2025-01-09T13:41:53","date_gmt":"2025-01-09T12:41:53","guid":{"rendered":"https:\/\/catiparerafengshui.com\/?post_type=product&#038;p=728"},"modified":"2025-02-17T11:01:56","modified_gmt":"2025-02-17T10:01:56","slug":"iniciacion-feng-shui","status":"publish","type":"product","link":"https:\/\/catiparerafengshui.com\/ca\/producte\/iniciacion-feng-shui\/","title":{"rendered":"Iniciaci\u00f3 feng shui"},"content":{"rendered":"<p><strong>Enhorabona<\/strong>\u00a0per fer aquest pas cap a l&#039;equilibri i l&#039;harmonia a la teva vida!<\/p>\n<p>Intueixes que la teva llar no \u00e9s nom\u00e9s un lloc on viure, sin\u00f3 que et pot donar suport al teu Benestar?<\/p>\n<p>Tot est\u00e0 connectat: quan transformes el teu espai, tamb\u00e9 transformes la teva vida.<\/p>\n<p>&nbsp;<\/p>\n<p>Apr\u00e8n\u00a0<strong>qu\u00e8 \u00e9s el Feng Shui<\/strong>\u00a0i com pot ajudar-te a millorar casa teva.<\/p>\n<ul>\n<li>Pots\u00a0<strong>transformar casa teva a Llar<\/strong>\u00a0i Entendre com l&#039;energia de casa teva impacta a la teva vida.<\/li>\n<li><strong>Connectar amb el teu espai<\/strong>\u00a0per sentir-te m\u00e9s en pau, m\u00e9s ple i amb m\u00e9s claredat.<\/li>\n<li><strong>Harmonitza cada rac\u00f3<\/strong>\u00a0per potenciar els teus objectius i neutralitzar all\u00f2 que no t&#039;aporta, ja tens un curs disponible,\u00a0<strong>el curs dels potenciadors.<\/strong><\/li>\n<\/ul>","protected":false},"excerpt":{"rendered":"<p>Enhorabuena\u00a0por dar este paso hacia el equilibrio y la armon\u00eda en tu vida! \u00bfIntuyes que tu hogar no es solo un lugar donde vivir, sino que te puede apoyar en tu Bienestar? Todo est\u00e1 conectado: cuando transformas tu espacio, tambi\u00e9n transformas tu vida. &nbsp; Aprende\u00a0qu\u00e9 es el Feng Shui\u00a0y c\u00f3mo puede ayudarte a mejorar tu [&hellip;]<\/p>","protected":false},"featured_media":487,"comment_status":"open","ping_status":"closed","template":"","meta":{"_joinchat":[]},"product_brand":[],"product_cat":[24],"product_tag":[],"class_list":{"0":"post-728","1":"product","2":"type-product","3":"status-publish","4":"has-post-thumbnail","6":"product_cat-sin-categorizar","8":"first","9":"instock","10":"downloadable","11":"virtual","12":"sold-individually","13":"purchasable","14":"product-type-simple"},"_links":{"self":[{"href":"https:\/\/catiparerafengshui.com\/ca\/wp-json\/wp\/v2\/product\/728","targetHints":{"allow":["GET"]}}],"collection":[{"href":"https:\/\/catiparerafengshui.com\/ca\/wp-json\/wp\/v2\/product"}],"about":[{"href":"https:\/\/catiparerafengshui.com\/ca\/wp-json\/wp\/v2\/types\/product"}],"replies":[{"embeddable":true,"href":"https:\/\/catiparerafengshui.com\/ca\/wp-json\/wp\/v2\/comments?post=728"}],"wp:featuredmedia":[{"embeddable":true,"href":"https:\/\/catiparerafengshui.com\/ca\/wp-json\/wp\/v2\/media\/487"}],"wp:attachment":[{"href":"https:\/\/catiparerafengshui.com\/ca\/wp-json\/wp\/v2\/media?parent=728"}],"wp:term":[{"taxonomy":"product_brand","embeddable":true,"href":"https:\/\/catiparerafengshui.com\/ca\/wp-json\/wp\/v2\/product_brand?post=728"},{"taxonomy":"product_cat","embeddable":true,"href":"https:\/\/catiparerafengshui.com\/ca\/wp-json\/wp\/v2\/product_cat?post=728"},{"taxonomy":"product_tag","embeddable":true,"href":"https:\/\/catiparerafengshui.com\/ca\/wp-json\/wp\/v2\/product_tag?post=728"}],"curies":[{"name":"wp","href":"https:\/\/api.w.org\/{rel}","templated":true}]}}