{"id":342,"date":"2023-11-29T11:19:40","date_gmt":"2023-11-29T10:19:40","guid":{"rendered":"https:\/\/catiparerafengshui.com\/?page_id=342"},"modified":"2023-12-05T19:36:29","modified_gmt":"2023-12-05T18:36:29","slug":"gracias-contacto","status":"publish","type":"page","link":"https:\/\/catiparerafengshui.com\/ca\/gracias-contacto\/","title":{"rendered":"Gracias contacto"},"content":{"rendered":"<div data-elementor-type=\"wp-page\" data-elementor-id=\"342\" class=\"elementor elementor-342\" data-elementor-post-type=\"page\">\n\t\t\t\t\t\t<section class=\"elementor-section elementor-top-section elementor-element elementor-element-578aff79 elementor-section-boxed elementor-section-height-default elementor-section-height-default\" data-id=\"578aff79\" data-element_type=\"section\" data-e-type=\"section\">\n\t\t\t\t\t\t\t<div class=\"elementor-background-overlay\"><\/div>\n\t\t\t\t\t\t\t<div class=\"elementor-container elementor-column-gap-default\">\n\t\t\t\t\t<div class=\"elementor-column elementor-col-50 elementor-top-column elementor-element elementor-element-7b1c63cc\" data-id=\"7b1c63cc\" data-element_type=\"column\" data-e-type=\"column\">\n\t\t\t<div class=\"elementor-widget-wrap elementor-element-populated\">\n\t\t\t\t\t\t<div class=\"elementor-element elementor-element-5de1f834 elementor-widget elementor-widget-image\" data-id=\"5de1f834\" data-element_type=\"widget\" data-e-type=\"widget\" data-widget_type=\"image.default\">\n\t\t\t\t<div class=\"elementor-widget-container\">\n\t\t\t\t\t\t\t\t\t\t\t\t\t\t\t<img fetchpriority=\"high\" decoding=\"async\" width=\"1124\" height=\"1600\" src=\"https:\/\/catiparerafengshui.com\/wp-content\/uploads\/2023\/10\/Cati-Parera.jpeg\" class=\"attachment-full size-full wp-image-49\" alt=\"cati parera feng shui\" srcset=\"https:\/\/catiparerafengshui.com\/wp-content\/uploads\/2023\/10\/Cati-Parera.jpeg 1124w, https:\/\/catiparerafengshui.com\/wp-content\/uploads\/2023\/10\/Cati-Parera-600x854.jpeg 600w, https:\/\/catiparerafengshui.com\/wp-content\/uploads\/2023\/10\/Cati-Parera-211x300.jpeg 211w, https:\/\/catiparerafengshui.com\/wp-content\/uploads\/2023\/10\/Cati-Parera-719x1024.jpeg 719w, https:\/\/catiparerafengshui.com\/wp-content\/uploads\/2023\/10\/Cati-Parera-768x1093.jpeg 768w, https:\/\/catiparerafengshui.com\/wp-content\/uploads\/2023\/10\/Cati-Parera-1079x1536.jpeg 1079w\" sizes=\"(max-width: 1124px) 100vw, 1124px\" \/>\t\t\t\t\t\t\t\t\t\t\t\t\t\t\t<\/div>\n\t\t\t\t<\/div>\n\t\t\t\t\t<\/div>\n\t\t<\/div>\n\t\t\t\t<div class=\"elementor-column elementor-col-50 elementor-top-column elementor-element elementor-element-79eb6851\" data-id=\"79eb6851\" data-element_type=\"column\" data-e-type=\"column\">\n\t\t\t<div class=\"elementor-widget-wrap elementor-element-populated\">\n\t\t\t\t\t\t<div class=\"elementor-element elementor-element-1303c4cb elementor-widget elementor-widget-heading\" data-id=\"1303c4cb\" data-element_type=\"widget\" data-e-type=\"widget\" data-widget_type=\"heading.default\">\n\t\t\t\t<div class=\"elementor-widget-container\">\n\t\t\t\t\t<h1 class=\"elementor-heading-title elementor-size-default\">GR\u00c0CIES PER POSAR-TE EN CONTACTE AMB MI!<\/h1>\t\t\t\t<\/div>\n\t\t\t\t<\/div>\n\t\t\t\t<div class=\"elementor-element elementor-element-43b6b05b elementor-widget elementor-widget-heading\" data-id=\"43b6b05b\" data-element_type=\"widget\" data-e-type=\"widget\" data-widget_type=\"heading.default\">\n\t\t\t\t<div class=\"elementor-widget-container\">\n\t\t\t\t\t<h2 class=\"elementor-heading-title elementor-size-default\">Et respondr\u00e9 el m\u00e9s r\u00e0pid possible. Sempre abans de 48 hores (feiners)<\/h2>\t\t\t\t<\/div>\n\t\t\t\t<\/div>\n\t\t\t\t\t<\/div>\n\t\t<\/div>\n\t\t\t\t\t<\/div>\n\t\t<\/section>\n\t\t<div class=\"elementor-element elementor-element-c66f71c e-flex e-con-boxed e-con e-parent\" data-id=\"c66f71c\" data-element_type=\"container\" data-e-type=\"container\">\n\t\t\t\t\t<div class=\"e-con-inner\">\n\t\t\t\t<div class=\"elementor-element elementor-element-3dbdb6b elementor-widget elementor-widget-heading\" data-id=\"3dbdb6b\" data-element_type=\"widget\" data-e-type=\"widget\" data-widget_type=\"heading.default\">\n\t\t\t\t<div class=\"elementor-widget-container\">\n\t\t\t\t\t<h2 class=\"elementor-heading-title elementor-size-default\">Reserva aqu\u00ed la teva sessi\u00f3<\/h2>\t\t\t\t<\/div>\n\t\t\t\t<\/div>\n\t\t\t\t\t<\/div>\n\t\t\t\t<\/div>\n\t\t<div class=\"elementor-element elementor-element-b3f8eee e-flex e-con-boxed e-con e-parent\" data-id=\"b3f8eee\" data-element_type=\"container\" data-e-type=\"container\">\n\t\t\t\t\t<div class=\"e-con-inner\">\n\t\t\t\t<div class=\"elementor-element elementor-element-60d54e1 elementor-widget elementor-widget-html\" data-id=\"60d54e1\" data-element_type=\"widget\" data-e-type=\"widget\" data-widget_type=\"html.default\">\n\t\t\t\t<div class=\"elementor-widget-container\">\n\t\t\t\t\t<!-- Principio del widget integrado de Calendly -->\n<div class=\"calendly-inline-widget\" data-url=\"https:\/\/calendly.com\/catiparerafengshui1\/30min\" style=\"min-width:320px;height:700px;\"><\/div>\n<script type=\"text\/javascript\" src=\"https:\/\/assets.calendly.com\/assets\/external\/widget.js\" async><\/script>\n<!-- Final del widget integrado de Calendly -->\t\t\t\t<\/div>\n\t\t\t\t<\/div>\n\t\t\t\t\t<\/div>\n\t\t\t\t<\/div>\n\t\t\t\t<section class=\"elementor-section elementor-top-section elementor-element elementor-element-4c64189e elementor-section-boxed elementor-section-height-default elementor-section-height-default\" data-id=\"4c64189e\" data-element_type=\"section\" data-e-type=\"section\" data-settings=\"{&quot;background_background&quot;:&quot;classic&quot;,&quot;shape_divider_top&quot;:&quot;opacity-tilt&quot;}\">\n\t\t\t\t\t<div class=\"elementor-shape elementor-shape-top\" aria-hidden=\"true\" data-negative=\"false\">\n\t\t\t<svg xmlns=\"http:\/\/www.w3.org\/2000\/svg\" viewbox=\"0 0 2600 131.1\" preserveaspectratio=\"none\">\n\t<path class=\"elementor-shape-fill\" d=\"M0 0L2600 0 2600 69.1 0 0z\"\/>\n\t<path class=\"elementor-shape-fill\" style=\"opacity:0.5\" d=\"M0 0L2600 0 2600 69.1 0 69.1z\"\/>\n\t<path class=\"elementor-shape-fill\" style=\"opacity:0.25\" d=\"M2600 0L0 0 0 130.1 2600 69.1z\"\/>\n<\/svg>\t\t<\/div>\n\t\t\t\t\t<div class=\"elementor-container elementor-column-gap-default\">\n\t\t\t\t\t<div class=\"elementor-column elementor-col-100 elementor-top-column elementor-element elementor-element-676d2ab8\" data-id=\"676d2ab8\" data-element_type=\"column\" data-e-type=\"column\">\n\t\t\t<div class=\"elementor-widget-wrap elementor-element-populated\">\n\t\t\t\t\t\t<div class=\"elementor-element elementor-element-ef82d11 elementor-align-center elementor-widget elementor-widget-button\" data-id=\"ef82d11\" data-element_type=\"widget\" data-e-type=\"widget\" data-widget_type=\"button.default\">\n\t\t\t\t<div class=\"elementor-widget-container\">\n\t\t\t\t\t\t\t\t\t<div class=\"elementor-button-wrapper\">\n\t\t\t\t\t<a class=\"elementor-button elementor-button-link elementor-size-md\" href=\"https:\/\/catiparerafengshui.com\/ca\/\">\n\t\t\t\t\t\t<span class=\"elementor-button-content-wrapper\">\n\t\t\t\t\t\t<span class=\"elementor-button-icon\">\n\t\t\t\t\t\t\t<\/span>\n\t\t\t\t\t\t\t\t\t<span class=\"elementor-button-text\">Mentrestant, podeu tornar a la p\u00e0gina d&#039;inici<\/span>\n\t\t\t\t\t<\/span>\n\t\t\t\t\t<\/a>\n\t\t\t\t<\/div>\n\t\t\t\t\t\t\t\t<\/div>\n\t\t\t\t<\/div>\n\t\t\t\t\t<\/div>\n\t\t<\/div>\n\t\t\t\t\t<\/div>\n\t\t<\/section>\n\t\t\t\t<section class=\"elementor-section elementor-top-section elementor-element elementor-element-6ed80b11 elementor-section-boxed elementor-section-height-default elementor-section-height-default\" data-id=\"6ed80b11\" data-element_type=\"section\" data-e-type=\"section\" data-settings=\"{&quot;shape_divider_top&quot;:&quot;opacity-tilt&quot;}\">\n\t\t\t\t\t<div class=\"elementor-shape elementor-shape-top\" aria-hidden=\"true\" data-negative=\"false\">\n\t\t\t<svg xmlns=\"http:\/\/www.w3.org\/2000\/svg\" viewbox=\"0 0 2600 131.1\" preserveaspectratio=\"none\">\n\t<path class=\"elementor-shape-fill\" d=\"M0 0L2600 0 2600 69.1 0 0z\"\/>\n\t<path class=\"elementor-shape-fill\" style=\"opacity:0.5\" d=\"M0 0L2600 0 2600 69.1 0 69.1z\"\/>\n\t<path class=\"elementor-shape-fill\" style=\"opacity:0.25\" d=\"M2600 0L0 0 0 130.1 2600 69.1z\"\/>\n<\/svg>\t\t<\/div>\n\t\t\t\t\t<div class=\"elementor-container elementor-column-gap-default\">\n\t\t\t\t\t<div class=\"elementor-column elementor-col-100 elementor-top-column elementor-element elementor-element-68b815b1\" data-id=\"68b815b1\" data-element_type=\"column\" data-e-type=\"column\">\n\t\t\t<div class=\"elementor-widget-wrap elementor-element-populated\">\n\t\t\t\t\t\t<div class=\"elementor-element elementor-element-69625b79 elementor-widget elementor-widget-heading\" data-id=\"69625b79\" data-element_type=\"widget\" data-e-type=\"widget\" data-widget_type=\"heading.default\">\n\t\t\t\t<div class=\"elementor-widget-container\">\n\t\t\t\t\t<p class=\"elementor-heading-title elementor-size-default\">Mentre esperes, aprofita i fes-li una ullada als \u00faltims articles del meu Blog<\/p>\t\t\t\t<\/div>\n\t\t\t\t<\/div>\n\t\t\t\t\t<\/div>\n\t\t<\/div>\n\t\t\t\t\t<\/div>\n\t\t<\/section>\n\t\t\t\t<section class=\"elementor-section elementor-top-section elementor-element elementor-element-103f014c elementor-section-boxed elementor-section-height-default elementor-section-height-default\" data-id=\"103f014c\" data-element_type=\"section\" data-e-type=\"section\">\n\t\t\t\t\t\t<div class=\"elementor-container elementor-column-gap-default\">\n\t\t\t\t\t<div class=\"elementor-column elementor-col-100 elementor-top-column elementor-element elementor-element-42337c3e\" data-id=\"42337c3e\" data-element_type=\"column\" data-e-type=\"column\">\n\t\t\t<div class=\"elementor-widget-wrap elementor-element-populated\">\n\t\t\t\t\t\t<div class=\"elementor-element elementor-element-70314fd4 elementor-posts--align-center elementor-grid-3 elementor-grid-tablet-2 elementor-grid-mobile-1 elementor-posts--thumbnail-top elementor-widget elementor-widget-posts\" data-id=\"70314fd4\" data-element_type=\"widget\" data-e-type=\"widget\" data-settings=\"{&quot;classic_row_gap&quot;:{&quot;unit&quot;:&quot;px&quot;,&quot;size&quot;:39,&quot;sizes&quot;:[]},&quot;classic_columns&quot;:&quot;3&quot;,&quot;classic_columns_tablet&quot;:&quot;2&quot;,&quot;classic_columns_mobile&quot;:&quot;1&quot;,&quot;classic_row_gap_tablet&quot;:{&quot;unit&quot;:&quot;px&quot;,&quot;size&quot;:&quot;&quot;,&quot;sizes&quot;:[]},&quot;classic_row_gap_mobile&quot;:{&quot;unit&quot;:&quot;px&quot;,&quot;size&quot;:&quot;&quot;,&quot;sizes&quot;:[]}}\" data-widget_type=\"posts.classic\">\n\t\t\t\t<div class=\"elementor-widget-container\">\n\t\t\t\t\t\t\t<div class=\"elementor-posts-container elementor-posts elementor-posts--skin-classic elementor-grid\">\n\t\t\t\t<article class=\"elementor-post elementor-grid-item post-582 post type-post status-publish format-standard has-post-thumbnail hentry category-blog\">\n\t\t\t\t<a class=\"elementor-post__thumbnail__link\" href=\"https:\/\/catiparerafengshui.com\/ca\/ano-nuevo-chino-4-febrero-2024\/\" tabindex=\"-1\" >\n\t\t\t<div class=\"elementor-post__thumbnail\"><img decoding=\"async\" width=\"300\" height=\"300\" src=\"https:\/\/catiparerafengshui.com\/wp-content\/uploads\/Red-Happy-Chinese-New-Year-Instagram-Post-300x300.jpg\" class=\"attachment-medium size-medium wp-image-583\" alt=\"a\u00f1o nuevo chino\" srcset=\"https:\/\/catiparerafengshui.com\/wp-content\/uploads\/Red-Happy-Chinese-New-Year-Instagram-Post-300x300.jpg 300w, https:\/\/catiparerafengshui.com\/wp-content\/uploads\/Red-Happy-Chinese-New-Year-Instagram-Post-100x100.jpg 100w, https:\/\/catiparerafengshui.com\/wp-content\/uploads\/Red-Happy-Chinese-New-Year-Instagram-Post-600x600.jpg 600w, https:\/\/catiparerafengshui.com\/wp-content\/uploads\/Red-Happy-Chinese-New-Year-Instagram-Post-1024x1024.jpg 1024w, https:\/\/catiparerafengshui.com\/wp-content\/uploads\/Red-Happy-Chinese-New-Year-Instagram-Post-150x150.jpg 150w, https:\/\/catiparerafengshui.com\/wp-content\/uploads\/Red-Happy-Chinese-New-Year-Instagram-Post-768x768.jpg 768w, https:\/\/catiparerafengshui.com\/wp-content\/uploads\/Red-Happy-Chinese-New-Year-Instagram-Post.jpg 1080w\" sizes=\"(max-width: 300px) 100vw, 300px\" \/><\/div>\n\t\t<\/a>\n\t\t\t\t<div class=\"elementor-post__text\">\n\t\t\t\t<h3 class=\"elementor-post__title\">\n\t\t\t<a href=\"https:\/\/catiparerafengshui.com\/ca\/ano-nuevo-chino-4-febrero-2024\/\" >\n\t\t\t\tAny Nou Xin\u00e8s 4 febrer 2024\t\t\t<\/a>\n\t\t<\/h3>\n\t\t\t\t<\/div>\n\t\t\t\t<\/article>\n\t\t\t\t<article class=\"elementor-post elementor-grid-item post-572 post type-post status-publish format-standard has-post-thumbnail hentry category-blog\">\n\t\t\t\t<a class=\"elementor-post__thumbnail__link\" href=\"https:\/\/catiparerafengshui.com\/ca\/tu-cocina-en-armonia-explorando-el-feng-shui-culinario\/\" tabindex=\"-1\" >\n\t\t\t<div class=\"elementor-post__thumbnail\"><img decoding=\"async\" width=\"300\" height=\"300\" src=\"https:\/\/catiparerafengshui.com\/wp-content\/uploads\/tu-cocina-300x300.jpg\" class=\"attachment-medium size-medium wp-image-564\" alt=\"Cocina en armon\u00eda\" srcset=\"https:\/\/catiparerafengshui.com\/wp-content\/uploads\/tu-cocina-300x300.jpg 300w, https:\/\/catiparerafengshui.com\/wp-content\/uploads\/tu-cocina-100x100.jpg 100w, https:\/\/catiparerafengshui.com\/wp-content\/uploads\/tu-cocina-600x600.jpg 600w, https:\/\/catiparerafengshui.com\/wp-content\/uploads\/tu-cocina-1024x1024.jpg 1024w, https:\/\/catiparerafengshui.com\/wp-content\/uploads\/tu-cocina-150x150.jpg 150w, https:\/\/catiparerafengshui.com\/wp-content\/uploads\/tu-cocina-768x768.jpg 768w, https:\/\/catiparerafengshui.com\/wp-content\/uploads\/tu-cocina.jpg 1080w\" sizes=\"(max-width: 300px) 100vw, 300px\" \/><\/div>\n\t\t<\/a>\n\t\t\t\t<div class=\"elementor-post__text\">\n\t\t\t\t<h3 class=\"elementor-post__title\">\n\t\t\t<a href=\"https:\/\/catiparerafengshui.com\/ca\/tu-cocina-en-armonia-explorando-el-feng-shui-culinario\/\" >\n\t\t\t\tLa teva Cuina a Harmonia: Explorant el Feng Shui Culinari\t\t\t<\/a>\n\t\t<\/h3>\n\t\t\t\t<\/div>\n\t\t\t\t<\/article>\n\t\t\t\t<article class=\"elementor-post elementor-grid-item post-382 post type-post status-publish format-standard has-post-thumbnail hentry category-blog\">\n\t\t\t\t<a class=\"elementor-post__thumbnail__link\" href=\"https:\/\/catiparerafengshui.com\/ca\/transforma-tu-casa-en-hogar-feng-shui\/\" tabindex=\"-1\" >\n\t\t\t<div class=\"elementor-post__thumbnail\"><img loading=\"lazy\" decoding=\"async\" width=\"300\" height=\"200\" src=\"https:\/\/catiparerafengshui.com\/wp-content\/uploads\/1_20231204_232143_0000-300x200.jpg\" class=\"attachment-medium size-medium wp-image-487\" alt=\"transforma-casa-en-hogar\" srcset=\"https:\/\/catiparerafengshui.com\/wp-content\/uploads\/1_20231204_232143_0000-300x200.jpg 300w, https:\/\/catiparerafengshui.com\/wp-content\/uploads\/1_20231204_232143_0000-600x399.jpg 600w, https:\/\/catiparerafengshui.com\/wp-content\/uploads\/1_20231204_232143_0000-1024x681.jpg 1024w, https:\/\/catiparerafengshui.com\/wp-content\/uploads\/1_20231204_232143_0000-768x511.jpg 768w, https:\/\/catiparerafengshui.com\/wp-content\/uploads\/1_20231204_232143_0000.jpg 1296w\" sizes=\"(max-width: 300px) 100vw, 300px\" \/><\/div>\n\t\t<\/a>\n\t\t\t\t<div class=\"elementor-post__text\">\n\t\t\t\t<h3 class=\"elementor-post__title\">\n\t\t\t<a href=\"https:\/\/catiparerafengshui.com\/ca\/transforma-tu-casa-en-hogar-feng-shui\/\" >\n\t\t\t\tTransforma casa teva a la llar a trav\u00e9s del Feng Shui\t\t\t<\/a>\n\t\t<\/h3>\n\t\t\t\t<\/div>\n\t\t\t\t<\/article>\n\t\t\t\t<article class=\"elementor-post elementor-grid-item post-373 post type-post status-publish format-standard has-post-thumbnail hentry category-blog\">\n\t\t\t\t<a class=\"elementor-post__thumbnail__link\" href=\"https:\/\/catiparerafengshui.com\/ca\/el-recibidor-el-senor-de-la-casa\/\" tabindex=\"-1\" >\n\t\t\t<div class=\"elementor-post__thumbnail\"><img loading=\"lazy\" decoding=\"async\" width=\"300\" height=\"199\" src=\"https:\/\/catiparerafengshui.com\/wp-content\/uploads\/6_20231204_232143_0005-300x199.jpg\" class=\"attachment-medium size-medium wp-image-488\" alt=\"recibidor-senor-de-la-casa\" srcset=\"https:\/\/catiparerafengshui.com\/wp-content\/uploads\/6_20231204_232143_0005-300x199.jpg 300w, https:\/\/catiparerafengshui.com\/wp-content\/uploads\/6_20231204_232143_0005-600x398.jpg 600w, https:\/\/catiparerafengshui.com\/wp-content\/uploads\/6_20231204_232143_0005-1024x679.jpg 1024w, https:\/\/catiparerafengshui.com\/wp-content\/uploads\/6_20231204_232143_0005-768x510.jpg 768w, https:\/\/catiparerafengshui.com\/wp-content\/uploads\/6_20231204_232143_0005.jpg 1355w\" sizes=\"(max-width: 300px) 100vw, 300px\" \/><\/div>\n\t\t<\/a>\n\t\t\t\t<div class=\"elementor-post__text\">\n\t\t\t\t<h3 class=\"elementor-post__title\">\n\t\t\t<a href=\"https:\/\/catiparerafengshui.com\/ca\/el-recibidor-el-senor-de-la-casa\/\" >\n\t\t\t\tEl rebedor, el senyor de la casa\t\t\t<\/a>\n\t\t<\/h3>\n\t\t\t\t<\/div>\n\t\t\t\t<\/article>\n\t\t\t\t<article class=\"elementor-post elementor-grid-item post-1 post type-post status-publish format-standard has-post-thumbnail hentry category-blog\">\n\t\t\t\t<a class=\"elementor-post__thumbnail__link\" href=\"https:\/\/catiparerafengshui.com\/ca\/como-el-espacio-afecta-tu-vida\/\" tabindex=\"-1\" >\n\t\t\t<div class=\"elementor-post__thumbnail\"><img loading=\"lazy\" decoding=\"async\" width=\"300\" height=\"212\" src=\"https:\/\/catiparerafengshui.com\/wp-content\/uploads\/11_20231204_232144_0010-300x212.jpg\" class=\"attachment-medium size-medium wp-image-489\" alt=\"el-espacio-afecta-tu-vida\" srcset=\"https:\/\/catiparerafengshui.com\/wp-content\/uploads\/11_20231204_232144_0010-300x212.jpg 300w, https:\/\/catiparerafengshui.com\/wp-content\/uploads\/11_20231204_232144_0010-600x424.jpg 600w, https:\/\/catiparerafengshui.com\/wp-content\/uploads\/11_20231204_232144_0010-1024x723.jpg 1024w, https:\/\/catiparerafengshui.com\/wp-content\/uploads\/11_20231204_232144_0010-768x542.jpg 768w, https:\/\/catiparerafengshui.com\/wp-content\/uploads\/11_20231204_232144_0010.jpg 1214w\" sizes=\"(max-width: 300px) 100vw, 300px\" \/><\/div>\n\t\t<\/a>\n\t\t\t\t<div class=\"elementor-post__text\">\n\t\t\t\t<h3 class=\"elementor-post__title\">\n\t\t\t<a href=\"https:\/\/catiparerafengshui.com\/ca\/como-el-espacio-afecta-tu-vida\/\" >\n\t\t\t\tCom que l&#039;espai s\u00ed afecta a la teva vida\t\t\t<\/a>\n\t\t<\/h3>\n\t\t\t\t<\/div>\n\t\t\t\t<\/article>\n\t\t\t\t<\/div>\n\t\t\n\t\t\t\t\t\t<\/div>\n\t\t\t\t<\/div>\n\t\t\t\t\t<\/div>\n\t\t<\/div>\n\t\t\t\t\t<\/div>\n\t\t<\/section>\n\t\t\t\t<\/div>","protected":false},"excerpt":{"rendered":"<p>\u00a1GRACIAS POR PONERTE EN CONTACTO CONMIGO! Te responder\u00e9 lo m\u00e1s r\u00e1pido posible. Siempre antes de 48 horas (laborables) Reserva aqu\u00ed<\/p>","protected":false},"author":1,"featured_media":0,"parent":0,"menu_order":0,"comment_status":"closed","ping_status":"closed","template":"elementor_header_footer","meta":{"_joinchat":[],"footnotes":""},"class_list":["post-342","page","type-page","status-publish","hentry"],"_links":{"self":[{"href":"https:\/\/catiparerafengshui.com\/ca\/wp-json\/wp\/v2\/pages\/342","targetHints":{"allow":["GET"]}}],"collection":[{"href":"https:\/\/catiparerafengshui.com\/ca\/wp-json\/wp\/v2\/pages"}],"about":[{"href":"https:\/\/catiparerafengshui.com\/ca\/wp-json\/wp\/v2\/types\/page"}],"author":[{"embeddable":true,"href":"https:\/\/catiparerafengshui.com\/ca\/wp-json\/wp\/v2\/users\/1"}],"replies":[{"embeddable":true,"href":"https:\/\/catiparerafengshui.com\/ca\/wp-json\/wp\/v2\/comments?post=342"}],"version-history":[{"count":22,"href":"https:\/\/catiparerafengshui.com\/ca\/wp-json\/wp\/v2\/pages\/342\/revisions"}],"predecessor-version":[{"id":556,"href":"https:\/\/catiparerafengshui.com\/ca\/wp-json\/wp\/v2\/pages\/342\/revisions\/556"}],"wp:attachment":[{"href":"https:\/\/catiparerafengshui.com\/ca\/wp-json\/wp\/v2\/media?parent=342"}],"curies":[{"name":"wp","href":"https:\/\/api.w.org\/{rel}","templated":true}]}}