{"id":1211,"date":"2025-04-25T12:20:51","date_gmt":"2025-04-25T10:20:51","guid":{"rendered":"https:\/\/catiparerafengshui.com\/?page_id=1211"},"modified":"2025-04-25T13:19:55","modified_gmt":"2025-04-25T11:19:55","slug":"ebook-gratis","status":"publish","type":"page","link":"https:\/\/catiparerafengshui.com\/ca\/ebook-gratis\/","title":{"rendered":"Ebook gratis"},"content":{"rendered":"<div data-elementor-type=\"wp-page\" data-elementor-id=\"1211\" class=\"elementor elementor-1211\" data-elementor-post-type=\"page\">\n\t\t\t\t<div class=\"elementor-element elementor-element-7ee212c e-con-full e-flex e-con e-parent\" data-id=\"7ee212c\" data-element_type=\"container\" data-e-type=\"container\" data-settings=\"{&quot;background_background&quot;:&quot;classic&quot;,&quot;shape_divider_bottom&quot;:&quot;triangle-asymmetrical&quot;}\">\n\t\t\t\t<div class=\"elementor-shape elementor-shape-bottom\" aria-hidden=\"true\" data-negative=\"false\">\n\t\t\t<svg xmlns=\"http:\/\/www.w3.org\/2000\/svg\" viewbox=\"0 0 1000 100\" preserveaspectratio=\"none\">\n\t<path class=\"elementor-shape-fill\" d=\"M738,99l262-93V0H0v5.6L738,99z\"\/>\n<\/svg>\t\t<\/div>\n\t\t<div class=\"elementor-element elementor-element-472d840 e-flex e-con-boxed e-con e-child\" data-id=\"472d840\" data-element_type=\"container\" data-e-type=\"container\" data-settings=\"{&quot;background_background&quot;:&quot;classic&quot;}\">\n\t\t\t\t\t<div class=\"e-con-inner\">\n\t\t\t\t<div class=\"elementor-element elementor-element-c75ed45 elementor-headline--style-highlight elementor-widget elementor-widget-animated-headline\" data-id=\"c75ed45\" data-element_type=\"widget\" data-e-type=\"widget\" data-settings=\"{&quot;marker&quot;:&quot;underline&quot;,&quot;highlighted_text&quot;:&quot;Ebook gratis: &quot;,&quot;headline_style&quot;:&quot;highlight&quot;,&quot;loop&quot;:&quot;yes&quot;,&quot;highlight_animation_duration&quot;:1200,&quot;highlight_iteration_delay&quot;:8000}\" data-widget_type=\"animated-headline.default\">\n\t\t\t\t<div class=\"elementor-widget-container\">\n\t\t\t\t\t\t\t<h3 class=\"elementor-headline\">\n\t\t\t\t<span class=\"elementor-headline-dynamic-wrapper elementor-headline-text-wrapper\">\n\t\t\t\t\t<span class=\"elementor-headline-dynamic-text elementor-headline-text-active\">Ebook gratis: <\/span>\n\t\t\t\t<\/span>\n\t\t\t\t\t<span class=\"elementor-headline-plain-text elementor-headline-text-wrapper\">h\u00e0bits setmanals i Feng Shui per al teu benestar<\/span>\n\t\t\t\t\t<\/h3>\n\t\t\t\t\t\t<\/div>\n\t\t\t\t<\/div>\n\t\t\t\t<div class=\"elementor-element elementor-element-4e3ad82 elementor-widget elementor-widget-text-editor\" data-id=\"4e3ad82\" data-element_type=\"widget\" data-e-type=\"widget\" data-widget_type=\"text-editor.default\">\n\t\t\t\t<div class=\"elementor-widget-container\">\n\t\t\t\t\t\t\t\t\t<p>Crea la teva rutina ideal i optimitza el teu espai per transformar la teva vida<\/p>\t\t\t\t\t\t\t\t<\/div>\n\t\t\t\t<\/div>\n\t\t\t\t\t<\/div>\n\t\t\t\t<\/div>\n\t\t\t\t<\/div>\n\t\t<div class=\"elementor-element elementor-element-97274bf e-flex e-con-boxed e-con e-parent\" data-id=\"97274bf\" data-element_type=\"container\" data-e-type=\"container\">\n\t\t\t\t\t<div class=\"e-con-inner\">\n\t\t<div class=\"elementor-element elementor-element-d803dab elementor-hidden-phone e-con-full e-flex e-con e-child\" data-id=\"d803dab\" data-element_type=\"container\" data-e-type=\"container\">\n\t\t\t\t<div class=\"elementor-element elementor-element-7c56846 elementor-widget elementor-widget-heading\" data-id=\"7c56846\" data-element_type=\"widget\" data-e-type=\"widget\" data-widget_type=\"heading.default\">\n\t\t\t\t<div class=\"elementor-widget-container\">\n\t\t\t\t\t<h2 class=\"elementor-heading-title elementor-size-default\">Comen\u00e7a la teva transformaci\u00f3<\/h2>\t\t\t\t<\/div>\n\t\t\t\t<\/div>\n\t\t\t\t<div class=\"elementor-element elementor-element-47b043c elementor-widget-divider--view-line elementor-widget elementor-widget-divider\" data-id=\"47b043c\" data-element_type=\"widget\" data-e-type=\"widget\" data-widget_type=\"divider.default\">\n\t\t\t\t<div class=\"elementor-widget-container\">\n\t\t\t\t\t\t\t<div class=\"elementor-divider\">\n\t\t\t<span class=\"elementor-divider-separator\">\n\t\t\t\t\t\t<\/span>\n\t\t<\/div>\n\t\t\t\t\t\t<\/div>\n\t\t\t\t<\/div>\n\t\t\t\t<div class=\"elementor-element elementor-element-fb28973 elementor-widget elementor-widget-heading\" data-id=\"fb28973\" data-element_type=\"widget\" data-e-type=\"widget\" data-widget_type=\"heading.default\">\n\t\t\t\t<div class=\"elementor-widget-container\">\n\t\t\t\t\t<h3 class=\"elementor-heading-title elementor-size-default\">Descarrega l&#039;ebook gratis \u201cImplementar h\u00e0bits cada setmana\u201d i descobreix com petits canvis produeixen grans resultats.<\/h3>\t\t\t\t<\/div>\n\t\t\t\t<\/div>\n\t\t\t\t<div class=\"elementor-element elementor-element-80620a1 elementor-widget elementor-widget-button\" data-id=\"80620a1\" data-element_type=\"widget\" data-e-type=\"widget\" data-widget_type=\"button.default\">\n\t\t\t\t<div class=\"elementor-widget-container\">\n\t\t\t\t\t\t\t\t\t<div class=\"elementor-button-wrapper\">\n\t\t\t\t\t<a class=\"elementor-button elementor-button-link elementor-size-sm\" href=\"https:\/\/catiparerafengshui.com\/wp-content\/uploads\/post-instagram-ebook-gratis-social-media-lead-magnet-2.pdf\">\n\t\t\t\t\t\t<span class=\"elementor-button-content-wrapper\">\n\t\t\t\t\t\t\t\t\t<span class=\"elementor-button-text\">Descarregar ebook gratis<\/span>\n\t\t\t\t\t<\/span>\n\t\t\t\t\t<\/a>\n\t\t\t\t<\/div>\n\t\t\t\t\t\t\t\t<\/div>\n\t\t\t\t<\/div>\n\t\t\t\t<div class=\"elementor-element elementor-element-1e95841 elementor-widget elementor-widget-heading\" data-id=\"1e95841\" data-element_type=\"widget\" data-e-type=\"widget\" data-widget_type=\"heading.default\">\n\t\t\t\t<div class=\"elementor-widget-container\">\n\t\t\t\t\t<h3 class=\"elementor-heading-title elementor-size-default\">Qu\u00e8 trobar\u00e0s a l&#039;ebook?<\/h3>\t\t\t\t<\/div>\n\t\t\t\t<\/div>\n\t\t\t\t<div class=\"elementor-element elementor-element-ee2d9ff elementor-widget elementor-widget-text-editor\" data-id=\"ee2d9ff\" data-element_type=\"widget\" data-e-type=\"widget\" data-widget_type=\"text-editor.default\">\n\t\t\t\t<div class=\"elementor-widget-container\">\n\t\t\t\t\t\t\t\t\t<ol><li data-start=\"1248\" data-end=\"1328\"><strong data-start=\"1248\" data-end=\"1273\"><span style=\"text-decoration: underline;\">Selecci\u00f3 dh\u00e0bits<\/span>:<\/strong> com triar el que millor encaixa amb tu cada setmana.<\/li><li data-start=\"1248\" data-end=\"1328\"><strong data-start=\"1334\" data-end=\"1361\"><span style=\"text-decoration: underline;\">Sistema de seguiment<\/span>:<\/strong> eines senzilles per mesurar el teu progr\u00e9s.<br \/><br \/><\/li><li data-start=\"1248\" data-end=\"1328\"><strong data-start=\"1416\" data-end=\"1444\"><span style=\"text-decoration: underline;\">Exercicis de reflexi\u00f3<\/span>:<\/strong> preguntes clau per ajustar el teu enfocament.<br \/><br \/><\/li><li data-start=\"1248\" data-end=\"1328\"><strong data-start=\"1493\" data-end=\"1513\"><span style=\"text-decoration: underline;\">Bonus Feng Shui<\/span>:<\/strong> consells per harmonitzar el teu entorn i potenciar els teus h\u00e0bits.<br \/><br \/><\/li><li data-start=\"1248\" data-end=\"1328\"><strong data-start=\"1581\" data-end=\"1607\"><span style=\"text-decoration: underline;\">Plantilla descarregable<\/span>:<\/strong> calendari i checklist per imprimir i penjar.<\/li><li style=\"list-style-type: none;\">\u00a0<\/li><\/ol>\t\t\t\t\t\t\t\t<\/div>\n\t\t\t\t<\/div>\n\t\t\t\t<\/div>\n\t\t<div class=\"elementor-element elementor-element-a8c5f8d e-con-full e-flex e-con e-child\" data-id=\"a8c5f8d\" data-element_type=\"container\" data-e-type=\"container\">\n\t\t\t\t<div class=\"elementor-element elementor-element-09c0618 elementor-widget elementor-widget-image\" data-id=\"09c0618\" data-element_type=\"widget\" data-e-type=\"widget\" data-widget_type=\"image.default\">\n\t\t\t\t<div class=\"elementor-widget-container\">\n\t\t\t\t\t\t\t\t\t\t\t\t\t\t\t<img fetchpriority=\"high\" decoding=\"async\" width=\"800\" height=\"800\" src=\"https:\/\/catiparerafengshui.com\/wp-content\/uploads\/ebook-gratis-social-media-lead-magnet.jpg\" class=\"attachment-large size-large wp-image-1214\" alt=\"\" srcset=\"https:\/\/catiparerafengshui.com\/wp-content\/uploads\/ebook-gratis-social-media-lead-magnet.jpg 800w, https:\/\/catiparerafengshui.com\/wp-content\/uploads\/ebook-gratis-social-media-lead-magnet-300x300.jpg 300w, https:\/\/catiparerafengshui.com\/wp-content\/uploads\/ebook-gratis-social-media-lead-magnet-150x150.jpg 150w, https:\/\/catiparerafengshui.com\/wp-content\/uploads\/ebook-gratis-social-media-lead-magnet-768x768.jpg 768w, https:\/\/catiparerafengshui.com\/wp-content\/uploads\/ebook-gratis-social-media-lead-magnet-12x12.jpg 12w, https:\/\/catiparerafengshui.com\/wp-content\/uploads\/ebook-gratis-social-media-lead-magnet-600x600.jpg 600w, https:\/\/catiparerafengshui.com\/wp-content\/uploads\/ebook-gratis-social-media-lead-magnet-100x100.jpg 100w\" sizes=\"(max-width: 800px) 100vw, 800px\" \/>\t\t\t\t\t\t\t\t\t\t\t\t\t\t\t<\/div>\n\t\t\t\t<\/div>\n\t\t\t\t<\/div>\n\t\t\t\t\t<\/div>\n\t\t\t\t<\/div>\n\t\t<div class=\"elementor-element elementor-element-1eedafa e-flex e-con-boxed e-con e-parent\" data-id=\"1eedafa\" data-element_type=\"container\" data-e-type=\"container\" data-settings=\"{&quot;background_background&quot;:&quot;classic&quot;,&quot;shape_divider_top&quot;:&quot;opacity-tilt&quot;}\">\n\t\t\t\t\t<div class=\"e-con-inner\">\n\t\t\t\t<div class=\"elementor-shape elementor-shape-top\" aria-hidden=\"true\" data-negative=\"false\">\n\t\t\t<svg xmlns=\"http:\/\/www.w3.org\/2000\/svg\" viewbox=\"0 0 2600 131.1\" preserveaspectratio=\"none\">\n\t<path class=\"elementor-shape-fill\" d=\"M0 0L2600 0 2600 69.1 0 0z\"\/>\n\t<path class=\"elementor-shape-fill\" style=\"opacity:0.5\" d=\"M0 0L2600 0 2600 69.1 0 69.1z\"\/>\n\t<path class=\"elementor-shape-fill\" style=\"opacity:0.25\" d=\"M2600 0L0 0 0 130.1 2600 69.1z\"\/>\n<\/svg>\t\t<\/div>\n\t\t\t\t<div class=\"elementor-element elementor-element-827179f elementor-widget elementor-widget-heading\" data-id=\"827179f\" data-element_type=\"widget\" data-e-type=\"widget\" data-widget_type=\"heading.default\">\n\t\t\t\t<div class=\"elementor-widget-container\">\n\t\t\t\t\t<h2 class=\"elementor-heading-title elementor-size-default\">Aprofundeix i accelera els resultats amb el Curs Potenciador<\/h2>\t\t\t\t<\/div>\n\t\t\t\t<\/div>\n\t\t\t\t<div class=\"elementor-element elementor-element-0a47dbd elementor-widget elementor-widget-text-editor\" data-id=\"0a47dbd\" data-element_type=\"widget\" data-e-type=\"widget\" data-widget_type=\"text-editor.default\">\n\t\t\t\t<div class=\"elementor-widget-container\">\n\t\t\t\t\t\t\t\t\t<p>Suma&#039;t a un programa exclusiu que combina Feng Shui i h\u00e0bits avan\u00e7ats perqu\u00e8 converteixis la teva llar i la teva rutina en poderosos aliats del teu benestar.<\/p>\t\t\t\t\t\t\t\t<\/div>\n\t\t\t\t<\/div>\n\t\t\t\t<div class=\"elementor-element elementor-element-1c55d58 elementor-widget elementor-widget-button\" data-id=\"1c55d58\" data-element_type=\"widget\" data-e-type=\"widget\" data-widget_type=\"button.default\">\n\t\t\t\t<div class=\"elementor-widget-container\">\n\t\t\t\t\t\t\t\t\t<div class=\"elementor-button-wrapper\">\n\t\t\t\t\t<a class=\"elementor-button elementor-button-link elementor-size-sm\" href=\"https:\/\/catiparerafengshui.com\/ca\/taller-de-potenciador\/\">\n\t\t\t\t\t\t<span class=\"elementor-button-content-wrapper\">\n\t\t\t\t\t\t\t\t\t<span class=\"elementor-button-text\">Descobreix el curs<\/span>\n\t\t\t\t\t<\/span>\n\t\t\t\t\t<\/a>\n\t\t\t\t<\/div>\n\t\t\t\t\t\t\t\t<\/div>\n\t\t\t\t<\/div>\n\t\t\t\t<div class=\"elementor-element elementor-element-8103ff7 elementor-widget elementor-widget-heading\" data-id=\"8103ff7\" data-element_type=\"widget\" data-e-type=\"widget\" data-widget_type=\"heading.default\">\n\t\t\t\t<div class=\"elementor-widget-container\">\n\t\t\t\t\t<h3 class=\"elementor-heading-title elementor-size-default\">El que aconseguir\u00e0s:<\/h3>\t\t\t\t<\/div>\n\t\t\t\t<\/div>\n\t\t\t\t<div class=\"elementor-element elementor-element-fdbd479 elementor-widget elementor-widget-text-editor\" data-id=\"fdbd479\" data-element_type=\"widget\" data-e-type=\"widget\" data-widget_type=\"text-editor.default\">\n\t\t\t\t<div class=\"elementor-widget-container\">\n\t\t\t\t\t\t\t\t\t<ul><li class=\"\" data-start=\"291\" data-end=\"417\"><p class=\"\" data-start=\"293\" data-end=\"417\"><strong data-start=\"293\" data-end=\"326\">Domina el Feng Shui aplicat:<\/strong> apr\u00e8n a reordenar el teu espai per disparar la teva energia i concentraci\u00f3 al dia a dia.<\/p><\/li><li class=\"\" data-start=\"418\" data-end=\"555\"><p class=\"\" data-start=\"420\" data-end=\"555\"><strong data-start=\"420\" data-end=\"461\">Rutines imbatibles de mat\u00ed i nit:<\/strong> instal\u00b7la h\u00e0bits clau que t&#039;omplen de vitalitat en despertar i et relaxen abans de dormir.<\/p><\/li><li class=\"\" data-start=\"556\" data-end=\"667\"><p class=\"\" data-start=\"558\" data-end=\"667\"><strong data-start=\"558\" data-end=\"591\">Dissenya el teu santuari personal:<\/strong> guia pas a pas per crear espais harm\u00f2nics que reforcin la teva pr\u00e0ctica.<\/p><\/li><li class=\"\" data-start=\"668\" data-end=\"801\"><p class=\"\" data-start=\"670\" data-end=\"801\"><strong data-start=\"670\" data-end=\"691\">Coaching en viu:<\/strong> participa en sessions grupals quinzenals per resoldre dubtes, compartir aven\u00e7os i mantenir la motivaci\u00f3.<\/p><\/li><li class=\"\" data-start=\"802\" data-end=\"930\"><p class=\"\" data-start=\"804\" data-end=\"930\"><strong data-start=\"804\" data-end=\"825\">Recursos premium:<\/strong> plantilles avan\u00e7ades, checklists, v\u00eddeos extra i \u00e0udios de meditaci\u00f3 perqu\u00e8 mai perdis el ritme.<\/p><\/li><\/ul>\t\t\t\t\t\t\t\t<\/div>\n\t\t\t\t<\/div>\n\t\t\t\t\t<\/div>\n\t\t\t\t<\/div>\n\t\t<div class=\"elementor-element elementor-element-421d02b e-flex e-con-boxed e-con e-parent\" data-id=\"421d02b\" data-element_type=\"container\" data-e-type=\"container\" data-settings=\"{&quot;background_background&quot;:&quot;classic&quot;}\">\n\t\t\t\t\t<div class=\"e-con-inner\">\n\t\t<div class=\"elementor-element elementor-element-3e012709 e-con-full e-flex elementor-invisible e-con e-child\" data-id=\"3e012709\" data-element_type=\"container\" data-e-type=\"container\" data-settings=\"{&quot;background_background&quot;:&quot;classic&quot;,&quot;animation&quot;:&quot;zoomIn&quot;}\">\n\t\t\t\t<div class=\"elementor-element elementor-element-793ff5f4 elementor-star-rating--align-center elementor--star-style-star_fontawesome elementor-widget elementor-widget-star-rating\" data-id=\"793ff5f4\" data-element_type=\"widget\" data-e-type=\"widget\" data-widget_type=\"star-rating.default\">\n\t\t\t\t<div class=\"elementor-widget-container\">\n\t\t\t\t\t\t\t<div class=\"elementor-star-rating__wrapper\">\n\t\t\t\t\t\t<div class=\"elementor-star-rating\" itemtype=\"http:\/\/schema.org\/Rating\" itemscope=\"\" itemprop=\"reviewRating\">\n\t\t\t\t<i class=\"elementor-star-full\" aria-hidden=\"true\">\ue934<\/i><i class=\"elementor-star-full\" aria-hidden=\"true\">\ue934<\/i><i class=\"elementor-star-full\" aria-hidden=\"true\">\ue934<\/i><i class=\"elementor-star-full\" aria-hidden=\"true\">\ue934<\/i><i class=\"elementor-star-full\" aria-hidden=\"true\">\ue934<\/i>\t\t\t\t<span itemprop=\"ratingValue\" class=\"elementor-screen-only\">Valorado con 5 de 5<\/span>\n\t\t\t<\/div>\n\t\t<\/div>\n\t\t\t\t\t\t<\/div>\n\t\t\t\t<\/div>\n\t\t\t\t<div class=\"elementor-element elementor-element-6c55bf83 elementor-widget elementor-widget-testimonial\" data-id=\"6c55bf83\" data-element_type=\"widget\" data-e-type=\"widget\" data-widget_type=\"testimonial.default\">\n\t\t\t\t<div class=\"elementor-widget-container\">\n\t\t\t\t\t\t\t<div class=\"elementor-testimonial-wrapper\">\n\t\t\t\t\t\t\t<div class=\"elementor-testimonial-content\">Hem harmonitzat l&#039;habitaci\u00f3 de la nostra filla de 2 anys amb el Feng Shui que ha consistit principalment a canviar l&#039;orientaci\u00f3 i la posici\u00f3 del bressol. Ara dorm tota la nit, hem millorat la nostra relaci\u00f3 familiar i hi podem descansar tots. Poder dormir tots a la nit \u00e9s fonamental.<\/div>\n\t\t\t\n\t\t\t\t\t\t<div class=\"elementor-testimonial-meta\">\n\t\t\t\t<div class=\"elementor-testimonial-meta-inner\">\n\t\t\t\t\t\n\t\t\t\t\t\t\t\t\t\t<div class=\"elementor-testimonial-details\">\n\t\t\t\t\t\t\t\t\t\t\t\t\t\t<div class=\"elementor-testimonial-name\">Maria Bel Nebot<\/div>\n\t\t\t\t\t\t\t\t\t\t\t\t\t\t\t\t\t\t\t<\/div>\n\t\t\t\t\t\t\t\t\t<\/div>\n\t\t\t<\/div>\n\t\t\t\t\t<\/div>\n\t\t\t\t\t\t<\/div>\n\t\t\t\t<\/div>\n\t\t\t\t<\/div>\n\t\t<div class=\"elementor-element elementor-element-54ba283 e-con-full e-flex elementor-invisible e-con e-child\" data-id=\"54ba283\" data-element_type=\"container\" data-e-type=\"container\" data-settings=\"{&quot;background_background&quot;:&quot;classic&quot;,&quot;animation&quot;:&quot;zoomIn&quot;}\">\n\t\t\t\t<div class=\"elementor-element elementor-element-7f6b7a77 elementor-star-rating--align-center elementor--star-style-star_fontawesome elementor-widget elementor-widget-star-rating\" data-id=\"7f6b7a77\" data-element_type=\"widget\" data-e-type=\"widget\" data-widget_type=\"star-rating.default\">\n\t\t\t\t<div class=\"elementor-widget-container\">\n\t\t\t\t\t\t\t<div class=\"elementor-star-rating__wrapper\">\n\t\t\t\t\t\t<div class=\"elementor-star-rating\" itemtype=\"http:\/\/schema.org\/Rating\" itemscope=\"\" itemprop=\"reviewRating\">\n\t\t\t\t<i class=\"elementor-star-full\" aria-hidden=\"true\">\ue934<\/i><i class=\"elementor-star-full\" aria-hidden=\"true\">\ue934<\/i><i class=\"elementor-star-full\" aria-hidden=\"true\">\ue934<\/i><i class=\"elementor-star-full\" aria-hidden=\"true\">\ue934<\/i><i class=\"elementor-star-full\" aria-hidden=\"true\">\ue934<\/i>\t\t\t\t<span itemprop=\"ratingValue\" class=\"elementor-screen-only\">Valorado con 5 de 5<\/span>\n\t\t\t<\/div>\n\t\t<\/div>\n\t\t\t\t\t\t<\/div>\n\t\t\t\t<\/div>\n\t\t\t\t<div class=\"elementor-element elementor-element-126ee995 elementor-widget elementor-widget-testimonial\" data-id=\"126ee995\" data-element_type=\"widget\" data-e-type=\"widget\" data-widget_type=\"testimonial.default\">\n\t\t\t\t<div class=\"elementor-widget-container\">\n\t\t\t\t\t\t\t<div class=\"elementor-testimonial-wrapper\">\n\t\t\t\t\t\t\t<div class=\"elementor-testimonial-content\">Vaig fer el projecte de Feng Shui sense saber gaire b\u00e9 el que era, per\u00f2 notava que no em sentia a gust a casa meva i m&#039;ha sorpr\u00e8s el resultat, veure com havia expressat les meves emocions a casa meva de manera inconscient, l&#039;estudi m&#039;ha ajudat a prendre millors decisions sobre el que vull.<\/div>\n\t\t\t\n\t\t\t\t\t\t<div class=\"elementor-testimonial-meta\">\n\t\t\t\t<div class=\"elementor-testimonial-meta-inner\">\n\t\t\t\t\t\n\t\t\t\t\t\t\t\t\t\t<div class=\"elementor-testimonial-details\">\n\t\t\t\t\t\t\t\t\t\t\t\t\t\t<div class=\"elementor-testimonial-name\">Sebasti\u00e0 Barcel\u00f3<\/div>\n\t\t\t\t\t\t\t\t\t\t\t\t\t\t\t\t\t\t\t<\/div>\n\t\t\t\t\t\t\t\t\t<\/div>\n\t\t\t<\/div>\n\t\t\t\t\t<\/div>\n\t\t\t\t\t\t<\/div>\n\t\t\t\t<\/div>\n\t\t\t\t<\/div>\n\t\t<div class=\"elementor-element elementor-element-548bdcfd e-con-full e-flex elementor-invisible e-con e-child\" data-id=\"548bdcfd\" data-element_type=\"container\" data-e-type=\"container\" data-settings=\"{&quot;background_background&quot;:&quot;classic&quot;,&quot;animation&quot;:&quot;zoomIn&quot;}\">\n\t\t\t\t<div class=\"elementor-element elementor-element-3b1bf7b3 elementor-star-rating--align-center elementor--star-style-star_fontawesome elementor-widget elementor-widget-star-rating\" data-id=\"3b1bf7b3\" data-element_type=\"widget\" data-e-type=\"widget\" data-widget_type=\"star-rating.default\">\n\t\t\t\t<div class=\"elementor-widget-container\">\n\t\t\t\t\t\t\t<div class=\"elementor-star-rating__wrapper\">\n\t\t\t\t\t\t<div class=\"elementor-star-rating\" itemtype=\"http:\/\/schema.org\/Rating\" itemscope=\"\" itemprop=\"reviewRating\">\n\t\t\t\t<i class=\"elementor-star-full\" aria-hidden=\"true\">\ue934<\/i><i class=\"elementor-star-full\" aria-hidden=\"true\">\ue934<\/i><i class=\"elementor-star-full\" aria-hidden=\"true\">\ue934<\/i><i class=\"elementor-star-full\" aria-hidden=\"true\">\ue934<\/i><i class=\"elementor-star-full\" aria-hidden=\"true\">\ue934<\/i>\t\t\t\t<span itemprop=\"ratingValue\" class=\"elementor-screen-only\">Valorado con 5 de 5<\/span>\n\t\t\t<\/div>\n\t\t<\/div>\n\t\t\t\t\t\t<\/div>\n\t\t\t\t<\/div>\n\t\t\t\t<div class=\"elementor-element elementor-element-31582ba5 elementor-widget elementor-widget-testimonial\" data-id=\"31582ba5\" data-element_type=\"widget\" data-e-type=\"widget\" data-widget_type=\"testimonial.default\">\n\t\t\t\t<div class=\"elementor-widget-container\">\n\t\t\t\t\t\t\t<div class=\"elementor-testimonial-wrapper\">\n\t\t\t\t\t\t\t<div class=\"elementor-testimonial-content\">Fer els canvis que em va proposar la Cati per a la meva empresa, m&#039;ha beneficiat econ\u00f2micament i mentalment. Em sento molt millor a la meva nova zona de treball i he sentit com l&#039;ordre millora el meu entorn. <br>Els canvis han estat positius, visualment no es nota el feng shui, per\u00f2 interiorment s\u00ed.<\/div>\n\t\t\t\n\t\t\t\t\t\t<div class=\"elementor-testimonial-meta\">\n\t\t\t\t<div class=\"elementor-testimonial-meta-inner\">\n\t\t\t\t\t\n\t\t\t\t\t\t\t\t\t\t<div class=\"elementor-testimonial-details\">\n\t\t\t\t\t\t\t\t\t\t\t\t\t\t<div class=\"elementor-testimonial-name\">Jaume Sureda<\/div>\n\t\t\t\t\t\t\t\t\t\t\t\t\t\t\t\t\t\t\t<\/div>\n\t\t\t\t\t\t\t\t\t<\/div>\n\t\t\t<\/div>\n\t\t\t\t\t<\/div>\n\t\t\t\t\t\t<\/div>\n\t\t\t\t<\/div>\n\t\t\t\t<\/div>\n\t\t\t\t\t<\/div>\n\t\t\t\t<\/div>\n\t\t\t\t<section class=\"elementor-section elementor-top-section elementor-element elementor-element-ca861db elementor-section-boxed elementor-section-height-default elementor-section-height-default\" data-id=\"ca861db\" data-element_type=\"section\" data-e-type=\"section\" data-settings=\"{&quot;background_background&quot;:&quot;classic&quot;,&quot;shape_divider_top&quot;:&quot;opacity-tilt&quot;}\">\n\t\t\t\t\t\t\t<div class=\"elementor-background-overlay\"><\/div>\n\t\t\t\t\t\t<div class=\"elementor-shape elementor-shape-top\" aria-hidden=\"true\" data-negative=\"false\">\n\t\t\t<svg xmlns=\"http:\/\/www.w3.org\/2000\/svg\" viewbox=\"0 0 2600 131.1\" preserveaspectratio=\"none\">\n\t<path class=\"elementor-shape-fill\" d=\"M0 0L2600 0 2600 69.1 0 0z\"\/>\n\t<path class=\"elementor-shape-fill\" style=\"opacity:0.5\" d=\"M0 0L2600 0 2600 69.1 0 69.1z\"\/>\n\t<path class=\"elementor-shape-fill\" style=\"opacity:0.25\" d=\"M2600 0L0 0 0 130.1 2600 69.1z\"\/>\n<\/svg>\t\t<\/div>\n\t\t\t\t\t<div class=\"elementor-container elementor-column-gap-default\">\n\t\t\t\t\t<div class=\"elementor-column elementor-col-100 elementor-top-column elementor-element elementor-element-6e95642\" data-id=\"6e95642\" data-element_type=\"column\" data-e-type=\"column\">\n\t\t\t<div class=\"elementor-widget-wrap\">\n\t\t\t\t\t\t\t<\/div>\n\t\t<\/div>\n\t\t\t\t\t<\/div>\n\t\t<\/section>\n\t\t\t\t<\/div>","protected":false},"excerpt":{"rendered":"<p>Ebook gratis: h\u00e1bitos semanales y Feng Shui para tu bienestar Crea tu rutina ideal y optimiza tu espacio para transformar tu vida Empieza tu transformaci\u00f3n Descarga el ebook gratis \u201cImplementar h\u00e1bitos cada semana\u201d y descubre c\u00f3mo peque\u00f1os cambios producen grandes resultados. Descargar ebook gratis \u00bfQu\u00e9 encontrar\u00e1s en el ebook? Selecci\u00f3n de h\u00e1bitos: c\u00f3mo elegir el [&hellip;]<\/p>","protected":false},"author":3,"featured_media":0,"parent":0,"menu_order":0,"comment_status":"closed","ping_status":"closed","template":"elementor_header_footer","meta":{"_joinchat":[],"footnotes":""},"class_list":["post-1211","page","type-page","status-publish","hentry"],"_links":{"self":[{"href":"https:\/\/catiparerafengshui.com\/ca\/wp-json\/wp\/v2\/pages\/1211","targetHints":{"allow":["GET"]}}],"collection":[{"href":"https:\/\/catiparerafengshui.com\/ca\/wp-json\/wp\/v2\/pages"}],"about":[{"href":"https:\/\/catiparerafengshui.com\/ca\/wp-json\/wp\/v2\/types\/page"}],"author":[{"embeddable":true,"href":"https:\/\/catiparerafengshui.com\/ca\/wp-json\/wp\/v2\/users\/3"}],"replies":[{"embeddable":true,"href":"https:\/\/catiparerafengshui.com\/ca\/wp-json\/wp\/v2\/comments?post=1211"}],"version-history":[{"count":22,"href":"https:\/\/catiparerafengshui.com\/ca\/wp-json\/wp\/v2\/pages\/1211\/revisions"}],"predecessor-version":[{"id":1239,"href":"https:\/\/catiparerafengshui.com\/ca\/wp-json\/wp\/v2\/pages\/1211\/revisions\/1239"}],"wp:attachment":[{"href":"https:\/\/catiparerafengshui.com\/ca\/wp-json\/wp\/v2\/media?parent=1211"}],"curies":[{"name":"wp","href":"https:\/\/api.w.org\/{rel}","templated":true}]}}